{"id":408,"date":"2021-11-28T13:54:22","date_gmt":"2021-11-28T13:54:22","guid":{"rendered":"http:\/\/anro.cl\/sitio\/?page_id=408"},"modified":"2022-10-05T18:58:55","modified_gmt":"2022-10-05T21:58:55","slug":"difractivas-diff-aa-aay","status":"publish","type":"page","link":"https:\/\/anro.cl\/sitio\/difractivas-diff-aa-aay\/","title":{"rendered":"Difractivas DIFF-aA\/aAY"},"content":{"rendered":"<p>[et_pb_section fb_built=\u00bb1&#8243; _builder_version=\u00bb4.15&#8243; _module_preset=\u00bbdefault\u00bb custom_margin=\u00bb-73px||||false|false\u00bb custom_padding=\u00bb2px|||||\u00bb global_colors_info=\u00bb{}\u00bb][et_pb_row _builder_version=\u00bb4.15&#8243; _module_preset=\u00bbdefault\u00bb custom_margin=\u00bb-90px|auto|||false|false\u00bb custom_padding=\u00bb0px||||false|false\u00bb global_colors_info=\u00bb{}\u00bb][et_pb_column type=\u00bb4_4&#8243; _builder_version=\u00bb4.15&#8243; _module_preset=\u00bbdefault\u00bb global_colors_info=\u00bb{}\u00bb][\/et_pb_column][\/et_pb_row][et_pb_row _builder_version=\u00bb4.15&#8243; _module_preset=\u00bbdefault\u00bb custom_margin=\u00bb-120px||||false|false\u00bb custom_padding=\u00bb||||false|false\u00bb global_colors_info=\u00bb{}\u00bb][et_pb_column type=\u00bb4_4&#8243; _builder_version=\u00bb4.15&#8243; _module_preset=\u00bbdefault\u00bb global_colors_info=\u00bb{}\u00bb][\/et_pb_column][\/et_pb_row][\/et_pb_section][et_pb_section fb_built=\u00bb1&#8243; fullwidth=\u00bbon\u00bb _builder_version=\u00bb4.15&#8243; _module_preset=\u00bbdefault\u00bb global_colors_info=\u00bb{}\u00bb][et_pb_fullwidth_image src=\u00bbhttps:\/\/anro.cl\/sitio\/wp-content\/uploads\/2021\/12\/bannerdisfractivas.jpg\u00bb title_text=\u00bbbannerdisfractivas\u00bb _builder_version=\u00bb4.15&#8243; _module_preset=\u00bbdefault\u00bb global_colors_info=\u00bb{}\u00bb][\/et_pb_fullwidth_image][\/et_pb_section][et_pb_section fb_built=\u00bb1&#8243; _builder_version=\u00bb4.15&#8243; custom_margin=\u00bb-74px||||false|false\u00bb custom_padding=\u00bb31px|0px|13px|0px||\u00bb global_colors_info=\u00bb{}\u00bb][et_pb_row _builder_version=\u00bb4.15&#8243; _module_preset=\u00bbdefault\u00bb min_height=\u00bb424.4px\u00bb custom_margin=\u00bb0px|auto||auto|false|false\u00bb custom_padding=\u00bb18px||0px||false|false\u00bb global_colors_info=\u00bb{}\u00bb][et_pb_column type=\u00bb4_4&#8243; _builder_version=\u00bb4.15&#8243; _module_preset=\u00bbdefault\u00bb global_colors_info=\u00bb{}\u00bb][et_pb_text _builder_version=\u00bb4.15.1&#8243; _module_preset=\u00bbdefault\u00bb text_font_size=\u00bb17px\u00bb min_height=\u00bb444.6px\u00bb custom_margin=\u00bb||-80px||false|false\u00bb custom_padding=\u00bb||0px||false|false\u00bb global_colors_info=\u00bb{}\u00bb]<\/p>\n<h3 class=\"p2\" style=\"text-align: justify;\"><span class=\"s1\" style=\"color: #0c71c3;\"><span class=\"\" lang=\"es\"><strong><span title=\"DIFFRACTIVA\u00ae - THE MULTIFOCAL IOLS FOR COMFORTABLE VISION at ALL DISTANCES: \">DIFFRACTIVA\u00ae <\/span><\/strong><\/span><\/span><\/h3>\n<p class=\"p2\" style=\"text-align: justify;\"><span class=\"s1\" style=\"color: #000000;\"><span class=\"\" lang=\"es\"><strong><span title=\"DIFFRACTIVA\u00ae - THE MULTIFOCAL IOLS FOR COMFORTABLE VISION at ALL DISTANCES: \">\u2013 EL LIO multifocales DE VISION c\u00f3modo en todo<\/span><\/strong><\/span><\/span><\/p>\n<p class=\"p2\" style=\"text-align: justify;\"><span class=\"s1\" style=\"color: #000000;\"><span class=\"\" lang=\"es\"><span title=\"DIFFRACTIVA\u00ae - THE MULTIFOCAL IOLS FOR COMFORTABLE VISION at ALL DISTANCES: \"> DISTANCIAS:\u00a0<\/span><\/span><span class=\"\" lang=\"es\"><span title=\"NEAR \u2013 INTERMEDIATE - FAR \">CERCA \u2013 INTERMEDIO \u2013 FAR<\/span><\/span><span class=\"\" lang=\"es\"><span title=\"The Diffractiva\u00ae multifocal-platform of newest generation IOLs incorporates the most advanced features for optimal visual performance, combined with the advantages of long-term, proven materials and designs. \"><span style=\"color: #000000;\">El multifocal plataforma Diffractiva\u00ae de LIO m\u00e1s recientes generaci\u00f3n incorpora las caracter\u00edsticas m\u00e1s avanzadas de rendimiento visual \u00f3ptimo, combinado con las ventajas de largo plazo, los materiales y dise\u00f1os probados<\/span>.<\/span><\/span><\/span><\/p>\n<p><span class=\"\" lang=\"es\" style=\"color: #000000;\"><span title=\"It is developed to meet the individual needs of each patient in everyday life, so they can benefit from outstanding visual quality. \">Est\u00e1 desarrollado para satisfacer las necesidades individuales de cada paciente en la vida cotidiana, para que puedan beneficiarse de la excepcional calidad visual.<\/span><\/span><\/p>\n<p><span class=\"\" lang=\"es\" style=\"color: #000000;\"><span title=\"The Diffractiva\u00ae features a +3.5 D near addition on IOL plane which ensures good functional near and intermediate visual acuity in comfortable, ergonomic reading distance of approx.\">El Diffractiva\u00ae cuenta con un 3.5 D cerca Adem\u00e1s en el plano LIO que asegura una buena agudeza visual cercana e intermedia funcional en distancia de lectura c\u00f3moda y ergon\u00f3mica de aprox. <\/span><span title=\"40 cm. \">40 cm.<\/span><\/span><\/p>\n<p><span id=\"result_box\" class=\"\" lang=\"es\" style=\"color: #000000;\"><span title=\"As with the innovative Diffractiva\u00ae concept the diffractive ring structure is focalized to the inner, central region and the step heights decrease gradually towards the periphery, reducing drawbacks such as glare and halos to a minimum.\">Al igual que con el concepto innovador de Diffractiva\u00ae la estructura de anillo de difracci\u00f3n se focaliza a la regi\u00f3n interior, central y las alturas de escal\u00f3n disminuir gradualmente hacia la periferia, reduciendo inconvenientes tales como el deslumbramiento y halos a un m\u00ednimo. <\/span><span title=\"This design not only lowers optical side effects, but also enables dynamic light-distribution in accordance with different pupil sizes. \">Este dise\u00f1o no s\u00f3lo disminuye los efectos secundarios \u00f3pticos, sino que tambi\u00e9n permite la distribuci\u00f3n de luz din\u00e1mica de acuerdo a los diferentes tama\u00f1os de las pupilas.<\/span><\/span><\/p>\n<p>[\/et_pb_text][\/et_pb_column][\/et_pb_row][et_pb_row _builder_version=\u00bb4.15&#8243; _module_preset=\u00bbdefault\u00bb global_colors_info=\u00bb{}\u00bb][et_pb_column type=\u00bb4_4&#8243; _builder_version=\u00bb4.15&#8243; _module_preset=\u00bbdefault\u00bb global_colors_info=\u00bb{}\u00bb][et_pb_divider _builder_version=\u00bb4.15&#8243; _module_preset=\u00bbdefault\u00bb global_colors_info=\u00bb{}\u00bb][\/et_pb_divider][\/et_pb_column][\/et_pb_row][et_pb_row column_structure=\u00bb1_3,1_3,1_3&#8243; _builder_version=\u00bb4.15&#8243; _module_preset=\u00bbdefault\u00bb custom_padding=\u00bb||3px|||\u00bb global_colors_info=\u00bb{}\u00bb][et_pb_column type=\u00bb1_3&#8243; _builder_version=\u00bb4.15&#8243; _module_preset=\u00bbdefault\u00bb global_colors_info=\u00bb{}\u00bb][et_pb_image src=\u00bbhttps:\/\/anro.cl\/sitio\/wp-content\/uploads\/2021\/11\/DISFRACTIVAAAY.jpg\u00bb title_text=\u00bbDISFRACTIVAAAY\u00bb _builder_version=\u00bb4.15&#8243; _module_preset=\u00bbdefault\u00bb global_colors_info=\u00bb{}\u00bb][\/et_pb_image][\/et_pb_column][et_pb_column type=\u00bb1_3&#8243; _builder_version=\u00bb4.15&#8243; _module_preset=\u00bbdefault\u00bb global_colors_info=\u00bb{}\u00bb][et_pb_text _builder_version=\u00bb4.15.1&#8243; _module_preset=\u00bbdefault\u00bb text_font_size=\u00bb15px\u00bb custom_margin=\u00bb40px||||false|false\u00bb custom_padding=\u00bb4px|||||\u00bb hover_enabled=\u00bb0&#8243; global_colors_info=\u00bb{}\u00bb sticky_enabled=\u00bb0&#8243;]<\/p>\n<h3><span style=\"color: #0c71c3;\"><strong>Disffractiva<\/strong><\/span><strong><span style=\"color: #0c71c3;\">\u00ae\u00a0<\/span><\/strong><span style=\"color: #0c71c3;\"><strong>&#8211; Diff-aA \/ -aAY (Yellow)<\/strong><\/span><\/h3>\n<p class=\"p1\"><span style=\"color: #000000;\">LIO de c\u00e1mara posterior premium<br \/> multifocal, de una pieza. <\/span><span style=\"color: #000000;\"><br \/>\nRango Dioptr\u00eda <span class=\"Apple-converted-space\">\u00a0 <\/span>10,0 a 30,0 en pasos de 0,5 D. <\/span><span style=\"color: #000000;\"><br \/>\nPosibilidad de\u00a0precargado SAFELOADER\u00ae.<\/span><\/p>\n<p>[\/et_pb_text][et_pb_button button_url=\u00bbhttps:\/\/anro.cl\/sitio\/wp-content\/uploads\/2022\/09\/DiffaA_Y_V1.1.pdf\u00bb url_new_window=\u00bbon\u00bb button_text=\u00bbVer ficha t\u00e9cnica\u00bb _builder_version=\u00bb4.15.1&#8243; _module_preset=\u00bbdefault\u00bb custom_button=\u00bbon\u00bb button_text_size=\u00bb17px\u00bb button_text_color=\u00bb#FFFFFF\u00bb button_bg_color=\u00bb#0C71C3&#8243; button_border_width=\u00bb2px\u00bb button_border_radius=\u00bb8px\u00bb button_icon=\u00bb&#x45;||divi||400&#8243; global_colors_info=\u00bb{}\u00bb][\/et_pb_button][\/et_pb_column][et_pb_column type=\u00bb1_3&#8243; _builder_version=\u00bb4.15&#8243; _module_preset=\u00bbdefault\u00bb global_colors_info=\u00bb{}\u00bb][et_pb_text _builder_version=\u00bb4.15.1&#8243; _module_preset=\u00bbdefault\u00bb text_font_size=\u00bb15px\u00bb custom_margin=\u00bb43px||||false|false\u00bb global_colors_info=\u00bb{}\u00bb]<\/p>\n<p style=\"text-align: left;\"><span style=\"color: #000000;\"><strong><span id=\"result_box\" lang=\"es\"><span class=\"hps\">Detalles<\/span>:<\/span><\/strong><span lang=\"es\"><br \/><\/span><\/span><\/p>\n<p class=\"p1\"><span style=\"color: #000000;\">La DIFFRACTIVA\u00ae es una LIO en bolsa capsular multifocal, desarrollada para pacientes con cataratas que valoran una impresi\u00f3n visual natural. Ofrece una c\u00f3moda agudeza visual a todas las distancias: de cerca, intermedia y lejana. El dise\u00f1o con equilibrio Tecnolog\u00eda DOLA para optimizar el uso de la luz y reducir los efectos f\u00f3ticos.<\/span><\/p>\n<p style=\"text-align: left;\"><span style=\"color: #000000;\"><span id=\"result_box\" lang=\"es\">\u00a0<\/span><\/span><\/p>\n<p>[\/et_pb_text][\/et_pb_column][\/et_pb_row][et_pb_row _builder_version=\u00bb4.15&#8243; _module_preset=\u00bbdefault\u00bb custom_margin=\u00bb-2px|auto||auto|false|false\u00bb global_colors_info=\u00bb{}\u00bb][et_pb_column type=\u00bb4_4&#8243; _builder_version=\u00bb4.15&#8243; _module_preset=\u00bbdefault\u00bb global_colors_info=\u00bb{}\u00bb][\/et_pb_column][\/et_pb_row][\/et_pb_section][et_pb_section fb_built=\u00bb1&#8243; admin_label=\u00bbFooter Section\u00bb _builder_version=\u00bb4.15&#8243; background_color=\u00bb#1f4a62&#8243; custom_margin=\u00bb||-84px|||\u00bb custom_padding=\u00bb101px|0px|101px|0px\u00bb saved_tabs=\u00bball\u00bb global_colors_info=\u00bb{}\u00bb][et_pb_row column_structure=\u00bb1_3,1_3,1_3&#8243; admin_label=\u00bbFooter Row\u00bb _builder_version=\u00bb4.15&#8243; global_colors_info=\u00bb{}\u00bb][et_pb_column type=\u00bb1_3&#8243; _builder_version=\u00bb4.15&#8243; custom_padding=\u00bb|||\u00bb global_colors_info=\u00bb{}\u00bb custom_padding__hover=\u00bb|||\u00bb][et_pb_image src=\u00bbhttps:\/\/anro.cl\/sitio\/wp-content\/uploads\/2021\/10\/logocalado.png\u00bb title_text=\u00bblogocalado\u00bb _builder_version=\u00bb4.15&#8243; _module_preset=\u00bbdefault\u00bb global_colors_info=\u00bb{}\u00bb][\/et_pb_image][\/et_pb_column][et_pb_column type=\u00bb1_3&#8243; _builder_version=\u00bb4.15&#8243; custom_padding=\u00bb|||\u00bb global_colors_info=\u00bb{}\u00bb custom_padding__hover=\u00bb|||\u00bb][et_pb_text admin_label=\u00bbLinks\u00bb _builder_version=\u00bb4.15&#8243; text_font=\u00bbOpen Sans|600|||||||\u00bb text_text_color=\u00bb#ffffff\u00bb text_line_height=\u00bb1.4em\u00bb link_font=\u00bbOpen Sans|600|||||||\u00bb link_text_color=\u00bb#ffffff\u00bb link_line_height=\u00bb2.5em\u00bb header_font=\u00bb||||||||\u00bb header_2_font=\u00bb||||||||\u00bb header_3_font=\u00bb||||||||\u00bb header_6_font=\u00bbOswald|500||on|||||\u00bb header_6_text_color=\u00bbrgba(255,255,255,0.4)\u00bb header_6_letter_spacing=\u00bb2px\u00bb header_6_line_height=\u00bb1.7em\u00bb background_layout=\u00bbdark\u00bb module_alignment=\u00bbcenter\u00bb custom_margin=\u00bb|||\u00bb custom_margin_tablet=\u00bb0px|||\u00bb custom_margin_phone=\u00bb|||\u00bb custom_margin_last_edited=\u00bboff|desktop\u00bb text_line_height_last_edited=\u00bboff|desktop\u00bb global_colors_info=\u00bb{}\u00bb]<\/p>\n<h6>Direcci\u00f3n<\/h6>\n<p>Lota 2267, Of. 208<\/p>\n<p>Providencia, Santiago<\/p>\n<p>Chile<\/p>\n<p>[\/et_pb_text][\/et_pb_column][et_pb_column type=\u00bb1_3&#8243; _builder_version=\u00bb4.15&#8243; custom_padding=\u00bb|||\u00bb global_colors_info=\u00bb{}\u00bb custom_padding__hover=\u00bb|||\u00bb][et_pb_text admin_label=\u00bbLinks\u00bb _builder_version=\u00bb4.15&#8243; text_font=\u00bbOpen Sans|600|||||||\u00bb text_text_color=\u00bb#ffffff\u00bb text_line_height=\u00bb1.4em\u00bb link_font=\u00bbOpen Sans|600|||||||\u00bb link_text_color=\u00bb#ffffff\u00bb link_line_height=\u00bb2.5em\u00bb header_font=\u00bb||||||||\u00bb header_2_font=\u00bb||||||||\u00bb header_3_font=\u00bb||||||||\u00bb header_6_font=\u00bbOswald|500||on|||||\u00bb header_6_text_color=\u00bbrgba(255,255,255,0.4)\u00bb header_6_letter_spacing=\u00bb2px\u00bb header_6_line_height=\u00bb1.7em\u00bb background_layout=\u00bbdark\u00bb module_alignment=\u00bbcenter\u00bb custom_margin=\u00bb|||\u00bb custom_margin_tablet=\u00bb0px|||\u00bb custom_margin_phone=\u00bb|||\u00bb custom_margin_last_edited=\u00bboff|desktop\u00bb text_line_height_last_edited=\u00bboff|desktop\u00bb global_colors_info=\u00bb{}\u00bb]<\/p>\n<h6>Contacto<\/h6>\n<p>+56 9 7708 4551<\/p>\n<p>contacto@anro.cl<\/p>\n<p>[\/et_pb_text][\/et_pb_column][\/et_pb_row][\/et_pb_section]<\/p>\n","protected":false},"excerpt":{"rendered":"<p>DIFFRACTIVA\u00ae \u2013 EL LIO multifocales DE VISION c\u00f3modo en todo DISTANCIAS:\u00a0CERCA \u2013 INTERMEDIO \u2013 FAREl multifocal plataforma Diffractiva\u00ae de LIO m\u00e1s recientes generaci\u00f3n incorpora las caracter\u00edsticas m\u00e1s avanzadas de rendimiento visual \u00f3ptimo, combinado con las ventajas de largo plazo, los materiales y dise\u00f1os probados. Est\u00e1 desarrollado para satisfacer las necesidades individuales de cada paciente en [&hellip;]<\/p>\n","protected":false},"author":1,"featured_media":0,"parent":0,"menu_order":0,"comment_status":"closed","ping_status":"closed","template":"","meta":{"_et_pb_use_builder":"on","_et_pb_old_content":"","_et_gb_content_width":"","footnotes":""},"class_list":["post-408","page","type-page","status-publish","hentry"],"_links":{"self":[{"href":"https:\/\/anro.cl\/sitio\/wp-json\/wp\/v2\/pages\/408","targetHints":{"allow":["GET"]}}],"collection":[{"href":"https:\/\/anro.cl\/sitio\/wp-json\/wp\/v2\/pages"}],"about":[{"href":"https:\/\/anro.cl\/sitio\/wp-json\/wp\/v2\/types\/page"}],"author":[{"embeddable":true,"href":"https:\/\/anro.cl\/sitio\/wp-json\/wp\/v2\/users\/1"}],"replies":[{"embeddable":true,"href":"https:\/\/anro.cl\/sitio\/wp-json\/wp\/v2\/comments?post=408"}],"version-history":[{"count":12,"href":"https:\/\/anro.cl\/sitio\/wp-json\/wp\/v2\/pages\/408\/revisions"}],"predecessor-version":[{"id":890,"href":"https:\/\/anro.cl\/sitio\/wp-json\/wp\/v2\/pages\/408\/revisions\/890"}],"wp:attachment":[{"href":"https:\/\/anro.cl\/sitio\/wp-json\/wp\/v2\/media?parent=408"}],"curies":[{"name":"wp","href":"https:\/\/api.w.org\/{rel}","templated":true}]}}