{"id":516,"date":"2021-12-14T20:50:30","date_gmt":"2021-12-14T20:50:30","guid":{"rendered":"http:\/\/anro.cl\/sitio\/?page_id=516"},"modified":"2022-10-05T18:55:27","modified_gmt":"2022-10-05T21:55:27","slug":"trifocales","status":"publish","type":"page","link":"https:\/\/anro.cl\/sitio\/trifocales\/","title":{"rendered":"Trifocales"},"content":{"rendered":"<p>[et_pb_section fb_built=\u00bb1&#8243; _builder_version=\u00bb4.15&#8243; _module_preset=\u00bbdefault\u00bb custom_margin=\u00bb-73px||||false|false\u00bb custom_padding=\u00bb2px|||||\u00bb global_colors_info=\u00bb{}\u00bb][et_pb_row _builder_version=\u00bb4.15&#8243; _module_preset=\u00bbdefault\u00bb custom_margin=\u00bb-90px|auto|||false|false\u00bb custom_padding=\u00bb0px||||false|false\u00bb global_colors_info=\u00bb{}\u00bb][et_pb_column type=\u00bb4_4&#8243; _builder_version=\u00bb4.15&#8243; _module_preset=\u00bbdefault\u00bb global_colors_info=\u00bb{}\u00bb][\/et_pb_column][\/et_pb_row][et_pb_row _builder_version=\u00bb4.15&#8243; _module_preset=\u00bbdefault\u00bb custom_margin=\u00bb-120px||||false|false\u00bb custom_padding=\u00bb||||false|false\u00bb global_colors_info=\u00bb{}\u00bb][et_pb_column type=\u00bb4_4&#8243; _builder_version=\u00bb4.15&#8243; _module_preset=\u00bbdefault\u00bb global_colors_info=\u00bb{}\u00bb][\/et_pb_column][\/et_pb_row][\/et_pb_section][et_pb_section fb_built=\u00bb1&#8243; fullwidth=\u00bbon\u00bb _builder_version=\u00bb4.15&#8243; _module_preset=\u00bbdefault\u00bb global_colors_info=\u00bb{}\u00bb][et_pb_fullwidth_image src=\u00bbhttps:\/\/anro.cl\/sitio\/wp-content\/uploads\/2021\/12\/bannertrifocales.jpg\u00bb title_text=\u00bbbannertrifocales\u00bb _builder_version=\u00bb4.15&#8243; _module_preset=\u00bbdefault\u00bb global_colors_info=\u00bb{}\u00bb][\/et_pb_fullwidth_image][\/et_pb_section][et_pb_section fb_built=\u00bb1&#8243; _builder_version=\u00bb4.15&#8243; custom_margin=\u00bb-74px||||false|false\u00bb custom_padding=\u00bb31px|0px|13px|0px||\u00bb global_colors_info=\u00bb{}\u00bb][et_pb_row _builder_version=\u00bb4.15&#8243; _module_preset=\u00bbdefault\u00bb min_height=\u00bb424.4px\u00bb custom_margin=\u00bb0px|auto||auto|false|false\u00bb custom_padding=\u00bb||0px||false|false\u00bb global_colors_info=\u00bb{}\u00bb][et_pb_column type=\u00bb4_4&#8243; _builder_version=\u00bb4.15&#8243; _module_preset=\u00bbdefault\u00bb global_colors_info=\u00bb{}\u00bb][et_pb_text _builder_version=\u00bb4.15.1&#8243; _module_preset=\u00bbdefault\u00bb text_font_size=\u00bb17px\u00bb min_height=\u00bb444.6px\u00bb custom_margin=\u00bb||-80px||false|false\u00bb custom_padding=\u00bb||0px||false|false\u00bb global_colors_info=\u00bb{}\u00bb]<\/p>\n<h3 class=\"p2\" style=\"text-align: justify;\"><span class=\"s1\" style=\"color: #0c71c3;\"><span class=\"\" lang=\"es\"><strong><span title=\"DIFFRACTIVA\u00ae - THE MULTIFOCAL IOLS FOR COMFORTABLE VISION at ALL DISTANCES: \">TRIFOCALES\u00ae<\/span><\/strong><\/span><\/span><\/h3>\n<p><span class=\"s1\" style=\"color: #0c71c3;\"><span class=\"\" lang=\"es\"><strong><span title=\"DIFFRACTIVA\u00ae - THE MULTIFOCAL IOLS FOR COMFORTABLE VISION at ALL DISTANCES: \"><\/span><\/strong><\/span><\/span><\/p>\n<p class=\"p2\"><strong><span style=\"color: #000000;\">TRIVA<span class=\"Apple-converted-space\">\u00a0<\/span><\/span><\/strong><\/p>\n<p class=\"p2\"><span style=\"color: #000000;\"><b>Correcci\u00f3n resistente de la presbicia<\/b><\/span><\/p>\n<p class=\"p2\"><span style=\"color: #000000;\">La LIO trifocal TRIVA para la correcci\u00f3n de la presbicia permite un excelente resultado visual continuo con tres puntos focales, no solo en el rango cercano y lejano, sino especialmente en distancias intermedias. El TRIVA est\u00e1 as\u00ed optimizado para el uso de dispositivos digitales. El varifocal continuo es posible gracias a las \u00e1reas focales ampliadas y permite a la mayor\u00eda de los pacientes realizar la mayor parte de sus actividades diarias sin gafas. El dise\u00f1o inteligente le da al LIO una estabilidad de alto rendimiento y lo hace en gran medida resistente a los efectos secundarios multifocales indeseables.<\/span><\/p>\n<p class=\"p3\"><span style=\"color: #000000;\"><b><\/b><\/span><\/p>\n<ul class=\"ul1\">\n<li class=\"li4\"><span style=\"color: #000000;\"><span class=\"s1\"><\/span><span class=\"s2\">Visi\u00f3n funcional durante todo el d\u00eda a trav\u00e9s de una visi\u00f3n progresiva continua<\/span><\/span><\/li>\n<\/ul>\n<ul class=\"ul1\">\n<li class=\"li4\"><span style=\"color: #000000;\"><span class=\"s1\"><\/span><span class=\"s2\">Rango de enfoque extendido a partir de 36 cm con un punto focal cercano real<span class=\"Apple-converted-space\">\u00a0<\/span><\/span><\/span><\/li>\n<\/ul>\n<ul class=\"ul1\">\n<li class=\"li4\"><span style=\"color: #000000;\"><span class=\"s1\"><\/span><span class=\"s2\">Optimizado para los requisitos visuales en un entorno digital Rendimiento resistente contra los efectos secundarios multifocales indeseables a trav\u00e9s de la tecnolog\u00eda inteligente de LIO<span class=\"Apple-converted-space\">\u00a0<\/span><\/span><\/span><\/li>\n<\/ul>\n<ul class=\"ul1\">\n<li class=\"li4\"><span style=\"color: #000000;\"><span class=\"s3\"><\/span><span class=\"s2\">Conocimientos derivados de la experiencia: basados en la establecida DIFFRACTIVA\u00ae<\/span><\/span><\/li>\n<\/ul>\n<p>[\/et_pb_text][\/et_pb_column][\/et_pb_row][et_pb_row _builder_version=\u00bb4.15&#8243; _module_preset=\u00bbdefault\u00bb global_colors_info=\u00bb{}\u00bb][et_pb_column type=\u00bb4_4&#8243; _builder_version=\u00bb4.15&#8243; _module_preset=\u00bbdefault\u00bb global_colors_info=\u00bb{}\u00bb][\/et_pb_column][\/et_pb_row][et_pb_row _builder_version=\u00bb4.15&#8243; _module_preset=\u00bbdefault\u00bb global_colors_info=\u00bb{}\u00bb][et_pb_column type=\u00bb4_4&#8243; _builder_version=\u00bb4.15&#8243; _module_preset=\u00bbdefault\u00bb global_colors_info=\u00bb{}\u00bb][et_pb_divider _builder_version=\u00bb4.15&#8243; _module_preset=\u00bbdefault\u00bb global_colors_info=\u00bb{}\u00bb][\/et_pb_divider][\/et_pb_column][\/et_pb_row][et_pb_row column_structure=\u00bb1_3,1_3,1_3&#8243; _builder_version=\u00bb4.15&#8243; _module_preset=\u00bbdefault\u00bb custom_padding=\u00bb||3px|||\u00bb global_colors_info=\u00bb{}\u00bb][et_pb_column type=\u00bb1_3&#8243; _builder_version=\u00bb4.15&#8243; _module_preset=\u00bbdefault\u00bb global_colors_info=\u00bb{}\u00bb][et_pb_image src=\u00bbhttps:\/\/anro.cl\/sitio\/wp-content\/uploads\/2022\/03\/Triva_aAY-scaled-2.jpg\u00bb title_text=\u00bbTriva_aAY-scaled\u00bb _builder_version=\u00bb4.15&#8243; _module_preset=\u00bbdefault\u00bb global_colors_info=\u00bb{}\u00bb][\/et_pb_image][\/et_pb_column][et_pb_column type=\u00bb1_3&#8243; _builder_version=\u00bb4.15&#8243; _module_preset=\u00bbdefault\u00bb global_colors_info=\u00bb{}\u00bb][et_pb_text _builder_version=\u00bb4.15.1&#8243; _module_preset=\u00bbdefault\u00bb text_font_size=\u00bb15px\u00bb custom_margin=\u00bb40px||||false|false\u00bb custom_padding=\u00bb4px|||||\u00bb hover_enabled=\u00bb0&#8243; global_colors_info=\u00bb{}\u00bb sticky_enabled=\u00bb0&#8243;]<\/p>\n<h3><span style=\"color: #0c71c3;\"><strong>Triva<\/strong><\/span><strong><span style=\"color: #0c71c3;\">\u00ae &#8211;<\/span><\/strong><span style=\"color: #0c71c3;\"><strong>aAY Safeloader<\/strong><\/span><strong><span style=\"color: #0c71c3;\">\u00ae<\/span><\/strong><\/h3>\n<p class=\"p1\"><span style=\"color: #000000;\">LIO de c\u00e1mara posterior trifocal, 1 pieza, plegable, precargado en SAFELOADER\u00ae. <\/span><span style=\"color: #000000;\"><br \/>Rango Dioptr\u00eda <span class=\"Apple-converted-space\">\u00a0 <\/span>10.0 a 30.0 en pasos de 0.5 D.<\/span><\/p>\n<p>[\/et_pb_text][et_pb_button button_url=\u00bbhttps:\/\/anro.cl\/sitio\/wp-content\/uploads\/2022\/09\/Triva-aAY-V.1.0-1.pdf\u00bb url_new_window=\u00bbon\u00bb button_text=\u00bbVer ficha t\u00e9cnica\u00bb _builder_version=\u00bb4.15.1&#8243; _module_preset=\u00bbdefault\u00bb custom_button=\u00bbon\u00bb button_text_size=\u00bb17px\u00bb button_text_color=\u00bb#FFFFFF\u00bb button_bg_color=\u00bb#0C71C3&#8243; button_border_width=\u00bb2px\u00bb button_border_radius=\u00bb8px\u00bb button_icon=\u00bb&#x45;||divi||400&#8243; global_colors_info=\u00bb{}\u00bb][\/et_pb_button][\/et_pb_column][et_pb_column type=\u00bb1_3&#8243; _builder_version=\u00bb4.15&#8243; _module_preset=\u00bbdefault\u00bb global_colors_info=\u00bb{}\u00bb][et_pb_text _builder_version=\u00bb4.15.1&#8243; _module_preset=\u00bbdefault\u00bb text_font_size=\u00bb15px\u00bb custom_margin=\u00bb43px||||false|false\u00bb hover_enabled=\u00bb0&#8243; global_colors_info=\u00bb{}\u00bb sticky_enabled=\u00bb0&#8243;]<\/p>\n<p style=\"text-align: left;\"><span style=\"color: #000000;\"><strong><span id=\"result_box\" lang=\"es\"><span class=\"hps\">Detalles<\/span>:<\/span><\/strong><span lang=\"es\"><br \/><\/span><\/span><\/p>\n<p class=\"p1\"><span style=\"color: #000000;\">La LIO trifocal TRIVA para la correcci\u00f3n de la presbicia permite un excelente resultado visual continuo con tres puntos focales, no solo en el rango cercano y lejano, sino especialmente en distancias intermedias. Por tanto, el TRIVA est\u00e1 optimizado para el uso de dispositivos digitales<\/span><\/p>\n<p style=\"text-align: left;\"><span style=\"color: #000000;\"><span id=\"result_box\" lang=\"es\">\u00a0<\/span><\/span><\/p>\n<p>[\/et_pb_text][\/et_pb_column][\/et_pb_row][et_pb_row _builder_version=\u00bb4.15&#8243; _module_preset=\u00bbdefault\u00bb custom_margin=\u00bb-2px|auto||auto|false|false\u00bb global_colors_info=\u00bb{}\u00bb][et_pb_column type=\u00bb4_4&#8243; _builder_version=\u00bb4.15&#8243; _module_preset=\u00bbdefault\u00bb global_colors_info=\u00bb{}\u00bb][\/et_pb_column][\/et_pb_row][\/et_pb_section][et_pb_section fb_built=\u00bb1&#8243; admin_label=\u00bbFooter Section\u00bb _builder_version=\u00bb4.15&#8243; background_color=\u00bb#1f4a62&#8243; custom_margin=\u00bb||-84px|||\u00bb custom_padding=\u00bb101px|0px|101px|0px\u00bb saved_tabs=\u00bball\u00bb global_colors_info=\u00bb{}\u00bb][et_pb_row column_structure=\u00bb1_3,1_3,1_3&#8243; admin_label=\u00bbFooter Row\u00bb _builder_version=\u00bb4.15&#8243; global_colors_info=\u00bb{}\u00bb][et_pb_column type=\u00bb1_3&#8243; _builder_version=\u00bb4.15&#8243; custom_padding=\u00bb|||\u00bb global_colors_info=\u00bb{}\u00bb custom_padding__hover=\u00bb|||\u00bb][et_pb_image src=\u00bbhttps:\/\/anro.cl\/sitio\/wp-content\/uploads\/2021\/10\/logocalado.png\u00bb title_text=\u00bblogocalado\u00bb _builder_version=\u00bb4.15&#8243; _module_preset=\u00bbdefault\u00bb global_colors_info=\u00bb{}\u00bb][\/et_pb_image][\/et_pb_column][et_pb_column type=\u00bb1_3&#8243; _builder_version=\u00bb4.15&#8243; custom_padding=\u00bb|||\u00bb global_colors_info=\u00bb{}\u00bb custom_padding__hover=\u00bb|||\u00bb][et_pb_text admin_label=\u00bbLinks\u00bb _builder_version=\u00bb4.15&#8243; text_font=\u00bbOpen Sans|600|||||||\u00bb text_text_color=\u00bb#ffffff\u00bb text_line_height=\u00bb1.4em\u00bb link_font=\u00bbOpen Sans|600|||||||\u00bb link_text_color=\u00bb#ffffff\u00bb link_line_height=\u00bb2.5em\u00bb header_font=\u00bb||||||||\u00bb header_2_font=\u00bb||||||||\u00bb header_3_font=\u00bb||||||||\u00bb header_6_font=\u00bbOswald|500||on|||||\u00bb header_6_text_color=\u00bbrgba(255,255,255,0.4)\u00bb header_6_letter_spacing=\u00bb2px\u00bb header_6_line_height=\u00bb1.7em\u00bb background_layout=\u00bbdark\u00bb module_alignment=\u00bbcenter\u00bb custom_margin=\u00bb|||\u00bb custom_margin_tablet=\u00bb0px|||\u00bb custom_margin_phone=\u00bb|||\u00bb custom_margin_last_edited=\u00bboff|desktop\u00bb text_line_height_last_edited=\u00bboff|desktop\u00bb global_colors_info=\u00bb{}\u00bb]<\/p>\n<h6>Direcci\u00f3n<\/h6>\n<p>Lota 2267, Of. 208<\/p>\n<p>Providencia, Santiago<\/p>\n<p>Chile<\/p>\n<p>[\/et_pb_text][\/et_pb_column][et_pb_column type=\u00bb1_3&#8243; _builder_version=\u00bb4.15&#8243; custom_padding=\u00bb|||\u00bb global_colors_info=\u00bb{}\u00bb custom_padding__hover=\u00bb|||\u00bb][et_pb_text admin_label=\u00bbLinks\u00bb _builder_version=\u00bb4.15&#8243; text_font=\u00bbOpen Sans|600|||||||\u00bb text_text_color=\u00bb#ffffff\u00bb text_line_height=\u00bb1.4em\u00bb link_font=\u00bbOpen Sans|600|||||||\u00bb link_text_color=\u00bb#ffffff\u00bb link_line_height=\u00bb2.5em\u00bb header_font=\u00bb||||||||\u00bb header_2_font=\u00bb||||||||\u00bb header_3_font=\u00bb||||||||\u00bb header_6_font=\u00bbOswald|500||on|||||\u00bb header_6_text_color=\u00bbrgba(255,255,255,0.4)\u00bb header_6_letter_spacing=\u00bb2px\u00bb header_6_line_height=\u00bb1.7em\u00bb background_layout=\u00bbdark\u00bb module_alignment=\u00bbcenter\u00bb custom_margin=\u00bb|||\u00bb custom_margin_tablet=\u00bb0px|||\u00bb custom_margin_phone=\u00bb|||\u00bb custom_margin_last_edited=\u00bboff|desktop\u00bb text_line_height_last_edited=\u00bboff|desktop\u00bb global_colors_info=\u00bb{}\u00bb]<\/p>\n<h6>Contacto<\/h6>\n<p>+56 9 7708 4551<\/p>\n<p>contacto@anro.cl<\/p>\n<p>[\/et_pb_text][\/et_pb_column][\/et_pb_row][\/et_pb_section]<\/p>\n","protected":false},"excerpt":{"rendered":"<p>TRIFOCALES\u00ae TRIVA\u00a0 Correcci\u00f3n resistente de la presbicia La LIO trifocal TRIVA para la correcci\u00f3n de la presbicia permite un excelente resultado visual continuo con tres puntos focales, no solo en el rango cercano y lejano, sino especialmente en distancias intermedias. El TRIVA est\u00e1 as\u00ed optimizado para el uso de dispositivos digitales. El varifocal continuo es [&hellip;]<\/p>\n","protected":false},"author":1,"featured_media":0,"parent":0,"menu_order":0,"comment_status":"closed","ping_status":"closed","template":"","meta":{"_et_pb_use_builder":"on","_et_pb_old_content":"","_et_gb_content_width":"","footnotes":""},"class_list":["post-516","page","type-page","status-publish","hentry"],"_links":{"self":[{"href":"https:\/\/anro.cl\/sitio\/wp-json\/wp\/v2\/pages\/516","targetHints":{"allow":["GET"]}}],"collection":[{"href":"https:\/\/anro.cl\/sitio\/wp-json\/wp\/v2\/pages"}],"about":[{"href":"https:\/\/anro.cl\/sitio\/wp-json\/wp\/v2\/types\/page"}],"author":[{"embeddable":true,"href":"https:\/\/anro.cl\/sitio\/wp-json\/wp\/v2\/users\/1"}],"replies":[{"embeddable":true,"href":"https:\/\/anro.cl\/sitio\/wp-json\/wp\/v2\/comments?post=516"}],"version-history":[{"count":12,"href":"https:\/\/anro.cl\/sitio\/wp-json\/wp\/v2\/pages\/516\/revisions"}],"predecessor-version":[{"id":888,"href":"https:\/\/anro.cl\/sitio\/wp-json\/wp\/v2\/pages\/516\/revisions\/888"}],"wp:attachment":[{"href":"https:\/\/anro.cl\/sitio\/wp-json\/wp\/v2\/media?parent=516"}],"curies":[{"name":"wp","href":"https:\/\/api.w.org\/{rel}","templated":true}]}}