{"id":521,"date":"2021-12-15T19:37:28","date_gmt":"2021-12-15T19:37:28","guid":{"rendered":"http:\/\/anro.cl\/sitio\/?page_id=521"},"modified":"2022-10-05T19:04:38","modified_gmt":"2022-10-05T22:04:38","slug":"toricas","status":"publish","type":"page","link":"https:\/\/anro.cl\/sitio\/toricas\/","title":{"rendered":"Toricas"},"content":{"rendered":"<p>[et_pb_section fb_built=\u00bb1&#8243; _builder_version=\u00bb4.15&#8243; _module_preset=\u00bbdefault\u00bb custom_margin=\u00bb-73px||||false|false\u00bb custom_padding=\u00bb2px|||||\u00bb global_colors_info=\u00bb{}\u00bb][et_pb_row _builder_version=\u00bb4.15&#8243; _module_preset=\u00bbdefault\u00bb custom_margin=\u00bb-90px|auto|||false|false\u00bb custom_padding=\u00bb0px||||false|false\u00bb global_colors_info=\u00bb{}\u00bb][et_pb_column type=\u00bb4_4&#8243; _builder_version=\u00bb4.15&#8243; _module_preset=\u00bbdefault\u00bb global_colors_info=\u00bb{}\u00bb][\/et_pb_column][\/et_pb_row][et_pb_row _builder_version=\u00bb4.15&#8243; _module_preset=\u00bbdefault\u00bb custom_margin=\u00bb-120px||||false|false\u00bb custom_padding=\u00bb||||false|false\u00bb global_colors_info=\u00bb{}\u00bb][et_pb_column type=\u00bb4_4&#8243; _builder_version=\u00bb4.15&#8243; _module_preset=\u00bbdefault\u00bb global_colors_info=\u00bb{}\u00bb][\/et_pb_column][\/et_pb_row][\/et_pb_section][et_pb_section fb_built=\u00bb1&#8243; fullwidth=\u00bbon\u00bb _builder_version=\u00bb4.15&#8243; _module_preset=\u00bbdefault\u00bb global_colors_info=\u00bb{}\u00bb][et_pb_fullwidth_image src=\u00bbhttps:\/\/anro.cl\/sitio\/wp-content\/uploads\/2021\/12\/bannertoric.jpg\u00bb title_text=\u00bbbannertoric\u00bb _builder_version=\u00bb4.15&#8243; _module_preset=\u00bbdefault\u00bb global_colors_info=\u00bb{}\u00bb][\/et_pb_fullwidth_image][\/et_pb_section][et_pb_section fb_built=\u00bb1&#8243; _builder_version=\u00bb4.15&#8243; custom_margin=\u00bb-74px||||false|false\u00bb custom_padding=\u00bb31px|0px|13px|0px||\u00bb global_colors_info=\u00bb{}\u00bb][et_pb_row _builder_version=\u00bb4.15&#8243; _module_preset=\u00bbdefault\u00bb global_colors_info=\u00bb{}\u00bb][et_pb_column type=\u00bb4_4&#8243; _builder_version=\u00bb4.15&#8243; _module_preset=\u00bbdefault\u00bb global_colors_info=\u00bb{}\u00bb][et_pb_text _builder_version=\u00bb4.15.1&#8243; _module_preset=\u00bbdefault\u00bb text_font_size=\u00bb17px\u00bb global_colors_info=\u00bb{}\u00bb]<\/p>\n<h3 class=\"p2\" style=\"text-align: justify;\"><span class=\"s1\" style=\"color: #0c71c3;\"><span class=\"\" lang=\"es\"><strong><span title=\"DIFFRACTIVA\u00ae - THE MULTIFOCAL IOLS FOR COMFORTABLE VISION at ALL DISTANCES: \">TORICA\u00ae <\/span><\/strong><\/span><\/span><\/h3>\n<p class=\"p2\" style=\"text-align: justify;\"><span style=\"color: #000000;\"><span class=\"s1\"><span class=\"\" lang=\"es\"><strong><span title=\"DIFFRACTIVA\u00ae - THE MULTIFOCAL IOLS FOR COMFORTABLE VISION at ALL DISTANCES: \">\u2013 L<\/span><\/strong><\/span><\/span><strong><span id=\"result_box\" class=\"\" lang=\"es\"><span class=\"hps\">as IOL<\/span> <span class=\"hps\">ASTIGMATISM<\/span> <span class=\"hps\">PARA<\/span> <span class=\"hps\">correcci\u00f3n de astigmatismo<\/span><\/span><\/strong><\/span><\/p>\n<p><span style=\"color: #000000;\">DE LOS PIONEROS DE LA ASTIGMATISM lentes intraoculares La plataforma Torica\u00ae es el resultado de m\u00e1s de 15 a\u00f1os de experiencia con lentes intraoculares t\u00f3ricas. HumanOptics (anteriormente el Dr. Schmidt Intraocularlinsen) es uno de los primeros fabricantes que han producido lentes intraoculares t\u00f3ricas &#8211; en 1997 experiencias con la implantaci\u00f3n de lentes intraoculares t\u00f3ricas nuestros ya estaban publicados. Nuestra larga experiencia en este campo los resultados en el dise\u00f1o Torica\u00ae de hoy &#8211; en beneficio del cirujano y los pacientes!<\/span><\/p>\n<p><span style=\"color: #000000;\">Varios modelos Torica\u00ae permiten correcci\u00f3n de astigmatismo en el dise\u00f1o monobloque para los casos normales, as\u00ed como en 3 piezas de dise\u00f1o especial-z h\u00e1ptica para rangos de potencia extraordinarias requieren altos cilindros incluso hasta 30,0 D. Otro modelo de surco fijaci\u00f3n en los ojos af\u00e1quicos, as\u00ed como un modelo de Add-On hace la plataforma para la correcci\u00f3n del astigmatismo perfecto.<\/span><\/p>\n<p>[\/et_pb_text][\/et_pb_column][\/et_pb_row][et_pb_row column_structure=\u00bb1_3,1_3,1_3&#8243; _builder_version=\u00bb4.15&#8243; _module_preset=\u00bbdefault\u00bb custom_padding=\u00bb||3px|||\u00bb global_colors_info=\u00bb{}\u00bb][et_pb_column type=\u00bb1_3&#8243; _builder_version=\u00bb4.15&#8243; _module_preset=\u00bbdefault\u00bb global_colors_info=\u00bb{}\u00bb][et_pb_image src=\u00bbhttps:\/\/anro.cl\/sitio\/wp-content\/uploads\/2021\/12\/Torica-aA.jpg\u00bb title_text=\u00bbTorica-aA\u00bb _builder_version=\u00bb4.15&#8243; _module_preset=\u00bbdefault\u00bb global_colors_info=\u00bb{}\u00bb][\/et_pb_image][\/et_pb_column][et_pb_column type=\u00bb1_3&#8243; _builder_version=\u00bb4.15&#8243; _module_preset=\u00bbdefault\u00bb global_colors_info=\u00bb{}\u00bb][et_pb_text _builder_version=\u00bb4.15.1&#8243; _module_preset=\u00bbdefault\u00bb text_font_size=\u00bb15px\u00bb custom_margin=\u00bb40px||||false|false\u00bb custom_padding=\u00bb4px|||||\u00bb hover_enabled=\u00bb0&#8243; global_colors_info=\u00bb{}\u00bb sticky_enabled=\u00bb0&#8243;]<\/p>\n<h3><span style=\"color: #0c71c3;\"><strong>Torica<\/strong><\/span><strong><span style=\"color: #0c71c3;\">\u00ae\u00a0<\/span><\/strong><span style=\"color: #0c71c3;\"><strong>-aA\/aAY Yellow<\/strong><\/span><\/h3>\n<p class=\"p1\"><span style=\"color: #000000;\">LIO t\u00f3rica de c\u00e1mara posterior, 1 pieza, plegable, protecci\u00f3n contra luz azul opcional. <\/span><span style=\"color: #000000;\"><br \/>\nRango de dioptr\u00edas XL SE: \u201320,0 a 60,0<br \/> en pasos de 0,5 D<span class=\"Apple-converted-space\"> \u00a0<\/span><\/span><span style=\"color: #000000;\"><br \/>\nCilindro: 1,0 a 20,0 en pasos de 0,5 D<span class=\"Apple-converted-space\">\u00a0<\/span><\/span><span style=\"color: #000000;\">(-20,5 D \u2264 meridiano \u2264 60,5 D)<\/span><span style=\"color: #000000;\"><br \/>\nPosibilidad de\u00a0precargado SAFELOADER\u00ae.<\/span><\/p>\n<p>[\/et_pb_text][et_pb_button button_url=\u00bbhttps:\/\/anro.cl\/sitio\/wp-content\/uploads\/2022\/09\/Torica-aA_Y_6.pdf\u00bb url_new_window=\u00bbon\u00bb button_text=\u00bbVer ficha t\u00e9cnica\u00bb _builder_version=\u00bb4.15.1&#8243; _module_preset=\u00bbdefault\u00bb custom_button=\u00bbon\u00bb button_text_size=\u00bb17px\u00bb button_text_color=\u00bb#FFFFFF\u00bb button_bg_color=\u00bb#0C71C3&#8243; button_border_width=\u00bb2px\u00bb button_border_radius=\u00bb8px\u00bb button_icon=\u00bb&#x45;||divi||400&#8243; global_colors_info=\u00bb{}\u00bb][\/et_pb_button][\/et_pb_column][et_pb_column type=\u00bb1_3&#8243; _builder_version=\u00bb4.15&#8243; _module_preset=\u00bbdefault\u00bb global_colors_info=\u00bb{}\u00bb][et_pb_text _builder_version=\u00bb4.15.1&#8243; _module_preset=\u00bbdefault\u00bb text_font_size=\u00bb15px\u00bb custom_margin=\u00bb43px||||false|false\u00bb hover_enabled=\u00bb0&#8243; global_colors_info=\u00bb{}\u00bb sticky_enabled=\u00bb0&#8243;]<\/p>\n<p style=\"text-align: left;\"><span style=\"color: #000000;\"><strong><span id=\"result_box\" lang=\"es\"><span class=\"hps\">Detalles<\/span>:<\/span><\/strong><span lang=\"es\"><br \/><\/span><\/span><\/p>\n<p class=\"p1\"><span style=\"color: #000000;\">TORICA aA\/-aAY, es una lente de bolsa capsular de una sola pieza para corregir el astigmatismo en cataratas. Debido a la \u00f3ptica asf\u00e9rica meridional t\u00f3rica, la LIO permite resultados refractivos sobresalientes y, por lo tanto, \u00a1satisfacci\u00f3n total del paciente!<\/span><\/p>\n<p style=\"text-align: left;\"><span style=\"color: #000000;\"><span id=\"result_box\" lang=\"es\">\u00a0<\/span><\/span><\/p>\n<p>[\/et_pb_text][\/et_pb_column][\/et_pb_row][et_pb_row _builder_version=\u00bb4.15&#8243; _module_preset=\u00bbdefault\u00bb global_colors_info=\u00bb{}\u00bb][et_pb_column type=\u00bb4_4&#8243; _builder_version=\u00bb4.15&#8243; _module_preset=\u00bbdefault\u00bb global_colors_info=\u00bb{}\u00bb][et_pb_divider _builder_version=\u00bb4.15&#8243; _module_preset=\u00bbdefault\u00bb custom_margin=\u00bb||-30px||false|false\u00bb global_colors_info=\u00bb{}\u00bb][\/et_pb_divider][\/et_pb_column][\/et_pb_row][et_pb_row column_structure=\u00bb1_3,1_3,1_3&#8243; _builder_version=\u00bb4.15&#8243; _module_preset=\u00bbdefault\u00bb custom_padding=\u00bb||3px|||\u00bb global_colors_info=\u00bb{}\u00bb][et_pb_column type=\u00bb1_3&#8243; _builder_version=\u00bb4.15&#8243; _module_preset=\u00bbdefault\u00bb global_colors_info=\u00bb{}\u00bb][et_pb_image src=\u00bbhttps:\/\/anro.cl\/sitio\/wp-content\/uploads\/2021\/12\/Torica-aA.jpg\u00bb title_text=\u00bbTorica-aA\u00bb _builder_version=\u00bb4.15&#8243; _module_preset=\u00bbdefault\u00bb global_colors_info=\u00bb{}\u00bb][\/et_pb_image][\/et_pb_column][et_pb_column type=\u00bb1_3&#8243; _builder_version=\u00bb4.15&#8243; _module_preset=\u00bbdefault\u00bb global_colors_info=\u00bb{}\u00bb][et_pb_text _builder_version=\u00bb4.15.1&#8243; _module_preset=\u00bbdefault\u00bb text_font_size=\u00bb15px\u00bb custom_margin=\u00bb40px||||false|false\u00bb custom_padding=\u00bb4px|||||\u00bb hover_enabled=\u00bb0&#8243; global_colors_info=\u00bb{}\u00bb sticky_enabled=\u00bb0&#8243;]<\/p>\n<h3><span style=\"color: #0c71c3;\"><strong>Torica<\/strong><\/span><strong><span style=\"color: #0c71c3;\">\u00ae Diff-aA\/-aAY Yellow<\/span><\/strong><\/h3>\n<p class=\"p1\"><span style=\"color: #000000;\">TORICADIFF Multifocal, combina las ventajas de DIFFRACTIVA\u00ae y TORICA\u00ae. <\/span><span style=\"color: #000000;\"><br \/>\nRango de dioptr\u00edas XL sph: 10.0 a 30,0 D<br \/>\nen pasos de 0.5 D. <\/span><span style=\"color: #000000;\"><br \/>\nCilindro: 1.0 a 6.0 D en pasos de 0.5 D. <\/span><span style=\"color: #000000;\"><br \/>Posibilidad de\u00a0precargado SAFELOADER\u00ae.<\/span><\/p>\n<p>[\/et_pb_text][et_pb_button button_url=\u00bbhttps:\/\/anro.cl\/sitio\/wp-content\/uploads\/2022\/09\/ToricaDiffaA_Y_V3.1.pdf\u00bb url_new_window=\u00bbon\u00bb button_text=\u00bbVer ficha t\u00e9cnica\u00bb _builder_version=\u00bb4.15.1&#8243; _module_preset=\u00bbdefault\u00bb custom_button=\u00bbon\u00bb button_text_size=\u00bb17px\u00bb button_text_color=\u00bb#FFFFFF\u00bb button_bg_color=\u00bb#0C71C3&#8243; button_border_width=\u00bb2px\u00bb button_border_radius=\u00bb8px\u00bb button_icon=\u00bb&#x45;||divi||400&#8243; global_colors_info=\u00bb{}\u00bb][\/et_pb_button][\/et_pb_column][et_pb_column type=\u00bb1_3&#8243; _builder_version=\u00bb4.15&#8243; _module_preset=\u00bbdefault\u00bb global_colors_info=\u00bb{}\u00bb][et_pb_text _builder_version=\u00bb4.15.1&#8243; _module_preset=\u00bbdefault\u00bb text_font_size=\u00bb17px\u00bb custom_margin=\u00bb43px||||false|false\u00bb hover_enabled=\u00bb0&#8243; global_colors_info=\u00bb{}\u00bb sticky_enabled=\u00bb0&#8243;]<\/p>\n<p style=\"text-align: left;\"><span style=\"color: #000000;\"><strong><span id=\"result_box\" lang=\"es\"><span class=\"hps\">Detalles<\/span>:<\/span><\/strong><\/span><\/p>\n<p class=\"p1\"><span style=\"color: #000000;\">TORICADIFF es una lente de bolsa capsular de una pieza para la correcci\u00f3n de la presbicia en pacientes con cataratas y astigmatismo. Basado en el dise\u00f1o \u00f3ptico altamente funcional de DIFFRACTIVA\u00ae, el LIO multifocal (mIOL) ofrece una impresi\u00f3n visual natural para todas las distancias con una distribuci\u00f3n de luz finamente equilibrada.<\/span><\/p>\n<p style=\"text-align: left;\"><span style=\"color: #000000;\"><span id=\"result_box\" lang=\"es\">\u00a0<\/span><\/span><\/p>\n<p>[\/et_pb_text][\/et_pb_column][\/et_pb_row][\/et_pb_section][et_pb_section fb_built=\u00bb1&#8243; admin_label=\u00bbFooter Section\u00bb _builder_version=\u00bb4.15&#8243; background_color=\u00bb#1f4a62&#8243; custom_margin=\u00bb||-84px|||\u00bb custom_padding=\u00bb101px|0px|101px|0px\u00bb saved_tabs=\u00bball\u00bb global_colors_info=\u00bb{}\u00bb][et_pb_row column_structure=\u00bb1_3,1_3,1_3&#8243; admin_label=\u00bbFooter Row\u00bb _builder_version=\u00bb4.15&#8243; global_colors_info=\u00bb{}\u00bb][et_pb_column type=\u00bb1_3&#8243; _builder_version=\u00bb4.15&#8243; custom_padding=\u00bb|||\u00bb global_colors_info=\u00bb{}\u00bb custom_padding__hover=\u00bb|||\u00bb][et_pb_image src=\u00bbhttps:\/\/anro.cl\/sitio\/wp-content\/uploads\/2021\/10\/logocalado.png\u00bb title_text=\u00bblogocalado\u00bb _builder_version=\u00bb4.15&#8243; _module_preset=\u00bbdefault\u00bb global_colors_info=\u00bb{}\u00bb][\/et_pb_image][\/et_pb_column][et_pb_column type=\u00bb1_3&#8243; _builder_version=\u00bb4.15&#8243; custom_padding=\u00bb|||\u00bb global_colors_info=\u00bb{}\u00bb custom_padding__hover=\u00bb|||\u00bb][et_pb_text admin_label=\u00bbLinks\u00bb _builder_version=\u00bb4.15&#8243; text_font=\u00bbOpen Sans|600|||||||\u00bb text_text_color=\u00bb#ffffff\u00bb text_line_height=\u00bb1.4em\u00bb link_font=\u00bbOpen Sans|600|||||||\u00bb link_text_color=\u00bb#ffffff\u00bb link_line_height=\u00bb2.5em\u00bb header_font=\u00bb||||||||\u00bb header_2_font=\u00bb||||||||\u00bb header_3_font=\u00bb||||||||\u00bb header_6_font=\u00bbOswald|500||on|||||\u00bb header_6_text_color=\u00bbrgba(255,255,255,0.4)\u00bb header_6_letter_spacing=\u00bb2px\u00bb header_6_line_height=\u00bb1.7em\u00bb background_layout=\u00bbdark\u00bb module_alignment=\u00bbcenter\u00bb custom_margin=\u00bb|||\u00bb custom_margin_tablet=\u00bb0px|||\u00bb custom_margin_phone=\u00bb|||\u00bb custom_margin_last_edited=\u00bboff|desktop\u00bb text_line_height_last_edited=\u00bboff|desktop\u00bb global_colors_info=\u00bb{}\u00bb]<\/p>\n<h6>Direcci\u00f3n<\/h6>\n<p>Lota 2267, Of. 208<\/p>\n<p>Providencia, Santiago<\/p>\n<p>Chile<\/p>\n<p>[\/et_pb_text][\/et_pb_column][et_pb_column type=\u00bb1_3&#8243; _builder_version=\u00bb4.15&#8243; custom_padding=\u00bb|||\u00bb global_colors_info=\u00bb{}\u00bb custom_padding__hover=\u00bb|||\u00bb][et_pb_text admin_label=\u00bbLinks\u00bb _builder_version=\u00bb4.15&#8243; text_font=\u00bbOpen Sans|600|||||||\u00bb text_text_color=\u00bb#ffffff\u00bb text_line_height=\u00bb1.4em\u00bb link_font=\u00bbOpen Sans|600|||||||\u00bb link_text_color=\u00bb#ffffff\u00bb link_line_height=\u00bb2.5em\u00bb header_font=\u00bb||||||||\u00bb header_2_font=\u00bb||||||||\u00bb header_3_font=\u00bb||||||||\u00bb header_6_font=\u00bbOswald|500||on|||||\u00bb header_6_text_color=\u00bbrgba(255,255,255,0.4)\u00bb header_6_letter_spacing=\u00bb2px\u00bb header_6_line_height=\u00bb1.7em\u00bb background_layout=\u00bbdark\u00bb module_alignment=\u00bbcenter\u00bb custom_margin=\u00bb|||\u00bb custom_margin_tablet=\u00bb0px|||\u00bb custom_margin_phone=\u00bb|||\u00bb custom_margin_last_edited=\u00bboff|desktop\u00bb text_line_height_last_edited=\u00bboff|desktop\u00bb global_colors_info=\u00bb{}\u00bb]<\/p>\n<h6>Contacto<\/h6>\n<p>+56 9 7708 4551<\/p>\n<p>contacto@anro.cl<\/p>\n<p>[\/et_pb_text][\/et_pb_column][\/et_pb_row][\/et_pb_section]<\/p>\n","protected":false},"excerpt":{"rendered":"<p>TORICA\u00ae \u2013 Las IOL ASTIGMATISM PARA correcci\u00f3n de astigmatismo DE LOS PIONEROS DE LA ASTIGMATISM lentes intraoculares La plataforma Torica\u00ae es el resultado de m\u00e1s de 15 a\u00f1os de experiencia con lentes intraoculares t\u00f3ricas. HumanOptics (anteriormente el Dr. Schmidt Intraocularlinsen) es uno de los primeros fabricantes que han producido lentes intraoculares t\u00f3ricas &#8211; en 1997 [&hellip;]<\/p>\n","protected":false},"author":1,"featured_media":0,"parent":0,"menu_order":0,"comment_status":"closed","ping_status":"closed","template":"","meta":{"_et_pb_use_builder":"on","_et_pb_old_content":"","_et_gb_content_width":"","footnotes":""},"class_list":["post-521","page","type-page","status-publish","hentry"],"_links":{"self":[{"href":"https:\/\/anro.cl\/sitio\/wp-json\/wp\/v2\/pages\/521","targetHints":{"allow":["GET"]}}],"collection":[{"href":"https:\/\/anro.cl\/sitio\/wp-json\/wp\/v2\/pages"}],"about":[{"href":"https:\/\/anro.cl\/sitio\/wp-json\/wp\/v2\/types\/page"}],"author":[{"embeddable":true,"href":"https:\/\/anro.cl\/sitio\/wp-json\/wp\/v2\/users\/1"}],"replies":[{"embeddable":true,"href":"https:\/\/anro.cl\/sitio\/wp-json\/wp\/v2\/comments?post=521"}],"version-history":[{"count":20,"href":"https:\/\/anro.cl\/sitio\/wp-json\/wp\/v2\/pages\/521\/revisions"}],"predecessor-version":[{"id":892,"href":"https:\/\/anro.cl\/sitio\/wp-json\/wp\/v2\/pages\/521\/revisions\/892"}],"wp:attachment":[{"href":"https:\/\/anro.cl\/sitio\/wp-json\/wp\/v2\/media?parent=521"}],"curies":[{"name":"wp","href":"https:\/\/api.w.org\/{rel}","templated":true}]}}