{"id":563,"date":"2021-12-15T20:42:47","date_gmt":"2021-12-15T20:42:47","guid":{"rendered":"http:\/\/anro.cl\/sitio\/?page_id=563"},"modified":"2022-10-05T19:05:41","modified_gmt":"2022-10-05T22:05:41","slug":"visco-trepanos","status":"publish","type":"page","link":"https:\/\/anro.cl\/sitio\/visco-trepanos\/","title":{"rendered":"Visco y tr\u00e9panos"},"content":{"rendered":"<p>[et_pb_section fb_built=\u00bb1&#8243; _builder_version=\u00bb4.15&#8243; _module_preset=\u00bbdefault\u00bb custom_margin=\u00bb-73px||||false|false\u00bb custom_padding=\u00bb2px|||||\u00bb global_colors_info=\u00bb{}\u00bb][et_pb_row _builder_version=\u00bb4.15&#8243; _module_preset=\u00bbdefault\u00bb custom_margin=\u00bb-90px|auto|||false|false\u00bb custom_padding=\u00bb0px||||false|false\u00bb global_colors_info=\u00bb{}\u00bb][et_pb_column type=\u00bb4_4&#8243; _builder_version=\u00bb4.15&#8243; _module_preset=\u00bbdefault\u00bb global_colors_info=\u00bb{}\u00bb][\/et_pb_column][\/et_pb_row][et_pb_row _builder_version=\u00bb4.15&#8243; _module_preset=\u00bbdefault\u00bb custom_margin=\u00bb-120px||||false|false\u00bb custom_padding=\u00bb||||false|false\u00bb global_colors_info=\u00bb{}\u00bb][et_pb_column type=\u00bb4_4&#8243; _builder_version=\u00bb4.15&#8243; _module_preset=\u00bbdefault\u00bb global_colors_info=\u00bb{}\u00bb][\/et_pb_column][\/et_pb_row][\/et_pb_section][et_pb_section fb_built=\u00bb1&#8243; fullwidth=\u00bbon\u00bb _builder_version=\u00bb4.15&#8243; _module_preset=\u00bbdefault\u00bb global_colors_info=\u00bb{}\u00bb][et_pb_fullwidth_image src=\u00bbhttps:\/\/anro.cl\/sitio\/wp-content\/uploads\/2021\/12\/bannervisco.jpg\u00bb title_text=\u00bbbannervisco\u00bb _builder_version=\u00bb4.15&#8243; _module_preset=\u00bbdefault\u00bb global_colors_info=\u00bb{}\u00bb][\/et_pb_fullwidth_image][\/et_pb_section][et_pb_section fb_built=\u00bb1&#8243; _builder_version=\u00bb4.15&#8243; custom_margin=\u00bb-74px||||false|false\u00bb custom_padding=\u00bb31px|0px|13px|0px||\u00bb global_colors_info=\u00bb{}\u00bb][et_pb_row column_structure=\u00bb1_2,1_2&#8243; _builder_version=\u00bb4.15&#8243; _module_preset=\u00bbdefault\u00bb global_colors_info=\u00bb{}\u00bb][et_pb_column type=\u00bb1_2&#8243; _builder_version=\u00bb4.15&#8243; _module_preset=\u00bbdefault\u00bb global_colors_info=\u00bb{}\u00bb][et_pb_image src=\u00bbhttps:\/\/anro.cl\/sitio\/wp-content\/uploads\/2022\/03\/22022022-DSC_0239-1.jpg\u00bb title_text=\u00bb22022022-DSC_0239&#8243; _builder_version=\u00bb4.15&#8243; _module_preset=\u00bbdefault\u00bb width=\u00bb70%\u00bb max_width=\u00bb100%\u00bb global_colors_info=\u00bb{}\u00bb][\/et_pb_image][et_pb_image src=\u00bbhttps:\/\/anro.cl\/sitio\/wp-content\/uploads\/2022\/03\/22022022-DSC_0242.jpg\u00bb title_text=\u00bb22022022-DSC_0242&#8243; _builder_version=\u00bb4.15&#8243; _module_preset=\u00bbdefault\u00bb width=\u00bb70%\u00bb global_colors_info=\u00bb{}\u00bb][\/et_pb_image][\/et_pb_column][et_pb_column type=\u00bb1_2&#8243; _builder_version=\u00bb4.15&#8243; _module_preset=\u00bbdefault\u00bb global_colors_info=\u00bb{}\u00bb][et_pb_text _builder_version=\u00bb4.15.1&#8243; _module_preset=\u00bbdefault\u00bb text_font_size=\u00bb17px\u00bb global_colors_info=\u00bb{}\u00bb]<\/p>\n<h3 class=\"p2\" style=\"text-align: justify;\"><span class=\"s1\" style=\"color: #0c71c3;\"><span class=\"\" lang=\"es\"><strong><span title=\"DIFFRACTIVA\u00ae - THE MULTIFOCAL IOLS FOR COMFORTABLE VISION at ALL DISTANCES: \">VISCO\u00a0<\/span><\/strong><\/span><\/span><\/h3>\n<p><span class=\"s1\" style=\"color: #0c71c3;\"><span class=\"\" lang=\"es\"><strong><span title=\"DIFFRACTIVA\u00ae - THE MULTIFOCAL IOLS FOR COMFORTABLE VISION at ALL DISTANCES: \"><\/span><\/strong><\/span><\/span><\/p>\n<p><span style=\"color: #000000;\"><strong>SOLUCIONES<\/strong><strong> viscoel\u00e1stico OFT\u00c1LMICAS \u2013 NANOVISC<\/strong><\/span><\/p>\n<p><span style=\"color: #000000;\">Para el uso con la cirug\u00eda del segmento anterior oft\u00e1lmica ofrecemos los siguientes:<\/span><\/p>\n<p><span style=\"color: #333333;\"><\/span><\/p>\n<p><span style=\"color: #333333;\"><strong>\u00a0Naluron 1.6<\/strong><\/span><\/p>\n<p><span style=\"color: #333333;\">Soluci\u00f3n viscoel\u00e1stica isot\u00f3nica basado en HPMC con siguiente composici\u00f3n:<\/span><\/p>\n<p><span style=\"color: #333333;\">1,8% de hidroxipropilmetilcelulosa en soluci\u00f3n fisiol\u00f3gica tamponada, pH 7,2 \u00b1 0,3.<\/span><\/p>\n<p><span style=\"color: #333333;\"><\/span><\/p>\n<p><span style=\"color: #333333;\"><strong>Naluron 1.8<\/strong><\/span><\/p>\n<p><span style=\"color: #333333;\">Soluci\u00f3n isot\u00f3nica viscoel\u00e1stico basado en sodiumhyaluronate con siguiente composici\u00f3n:<\/span><\/p>\n<p><span style=\"color: #333333;\">1,8% sodiumhyaluronate en soluci\u00f3n fisiol\u00f3gica tamponada, pH 6,8 \u2013 7,4. soluci\u00f3n.<\/span><\/p>\n<p><span style=\"color: #333333;\"><\/span><\/p>\n<p><span style=\"color: #333333;\"><strong>Visco 2.0<\/strong><\/span><\/p>\n<p><span style=\"color: #333333;\">Soluci\u00f3n isot\u00f3nica viscoel\u00e1stico <span class=\"hps\">sobre la base de<\/span> <span class=\"hps\">HPMC<\/span> <span class=\"hps\">con<\/span> <span class=\"hps\">siguiente composici\u00f3n<\/span>:<\/span><\/p>\n<p><span><span id=\"result_box\" class=\"\" lang=\"es\"><span style=\"color: #333333;\"><span class=\"hps\">2,0%<\/span> <span class=\"hps\">de hidroxipropilmetilcelulosa<\/span> <span class=\"hps\">en soluci\u00f3n<\/span> <span class=\"hps\">fisiol\u00f3gica tamponada<\/span>, pH <span class=\"hps\">6,8<\/span> <span class=\"hps\">&#8211;<\/span> <span class=\"hps\">7,5<\/span>.<\/span><br \/><\/span><\/span><\/p>\n<p style=\"text-align: justify;\">[\/et_pb_text][\/et_pb_column][\/et_pb_row][et_pb_row _builder_version=\u00bb4.15&#8243; _module_preset=\u00bbdefault\u00bb global_colors_info=\u00bb{}\u00bb][et_pb_column type=\u00bb4_4&#8243; _builder_version=\u00bb4.15&#8243; _module_preset=\u00bbdefault\u00bb global_colors_info=\u00bb{}\u00bb][et_pb_divider _builder_version=\u00bb4.15&#8243; _module_preset=\u00bbdefault\u00bb global_colors_info=\u00bb{}\u00bb][\/et_pb_divider][\/et_pb_column][\/et_pb_row][et_pb_row column_structure=\u00bb1_3,1_3,1_3&#8243; _builder_version=\u00bb4.15&#8243; _module_preset=\u00bbdefault\u00bb global_colors_info=\u00bb{}\u00bb][et_pb_column type=\u00bb1_3&#8243; _builder_version=\u00bb4.15&#8243; _module_preset=\u00bbdefault\u00bb global_colors_info=\u00bb{}\u00bb][et_pb_text _builder_version=\u00bb4.15.1&#8243; _module_preset=\u00bbdefault\u00bb text_font_size=\u00bb15px\u00bb hover_enabled=\u00bb0&#8243; global_colors_info=\u00bb{}\u00bb sticky_enabled=\u00bb0&#8243;]<\/p>\n<h3 class=\"p2\" style=\"text-align: justify;\"><span class=\"s1\" style=\"color: #0c71c3;\"><span class=\"\" lang=\"es\"><strong><span title=\"DIFFRACTIVA\u00ae - THE MULTIFOCAL IOLS FOR COMFORTABLE VISION at ALL DISTANCES: \">TREPANOS<\/span><\/strong><\/span><\/span><\/h3>\n<p><span style=\"color: #000000;\">Tr\u00e9pano utilizado especialmente para crear una incisi\u00f3n circular en la CUSTOMFLEX\u00ae ARTIFICIALIRIS. Di\u00e1metro 9,0-12,5mm Pasos 0,5 mm.<\/span><\/p>\n<p>[\/et_pb_text][\/et_pb_column][et_pb_column type=\u00bb1_3&#8243; _builder_version=\u00bb4.15&#8243; _module_preset=\u00bbdefault\u00bb global_colors_info=\u00bb{}\u00bb][et_pb_image src=\u00bbhttps:\/\/anro.cl\/sitio\/wp-content\/uploads\/2022\/03\/TREPANO.jpg\u00bb title_text=\u00bbTREPANO\u00bb align=\u00bbright\u00bb _builder_version=\u00bb4.15.1&#8243; _module_preset=\u00bbdefault\u00bb width=\u00bb70%\u00bb global_colors_info=\u00bb{}\u00bb][\/et_pb_image][\/et_pb_column][et_pb_column type=\u00bb1_3&#8243; _builder_version=\u00bb4.15&#8243; _module_preset=\u00bbdefault\u00bb global_colors_info=\u00bb{}\u00bb][et_pb_image src=\u00bbhttps:\/\/anro.cl\/sitio\/wp-content\/uploads\/2022\/03\/trepano2.jpg\u00bb title_text=\u00bbtrepano2&#8243; align=\u00bbright\u00bb _builder_version=\u00bb4.15.1&#8243; _module_preset=\u00bbdefault\u00bb width=\u00bb70%\u00bb global_colors_info=\u00bb{}\u00bb][\/et_pb_image][\/et_pb_column][\/et_pb_row][\/et_pb_section][et_pb_section fb_built=\u00bb1&#8243; admin_label=\u00bbFooter Section\u00bb _builder_version=\u00bb4.15&#8243; background_color=\u00bb#1f4a62&#8243; custom_margin=\u00bb||-84px|||\u00bb custom_padding=\u00bb101px|0px|101px|0px\u00bb saved_tabs=\u00bball\u00bb global_colors_info=\u00bb{}\u00bb][et_pb_row column_structure=\u00bb1_3,1_3,1_3&#8243; admin_label=\u00bbFooter Row\u00bb _builder_version=\u00bb4.15&#8243; global_colors_info=\u00bb{}\u00bb][et_pb_column type=\u00bb1_3&#8243; _builder_version=\u00bb4.15&#8243; custom_padding=\u00bb|||\u00bb global_colors_info=\u00bb{}\u00bb custom_padding__hover=\u00bb|||\u00bb][et_pb_image src=\u00bbhttps:\/\/anro.cl\/sitio\/wp-content\/uploads\/2021\/10\/logocalado.png\u00bb title_text=\u00bblogocalado\u00bb _builder_version=\u00bb4.15&#8243; _module_preset=\u00bbdefault\u00bb global_colors_info=\u00bb{}\u00bb][\/et_pb_image][\/et_pb_column][et_pb_column type=\u00bb1_3&#8243; _builder_version=\u00bb4.15&#8243; custom_padding=\u00bb|||\u00bb global_colors_info=\u00bb{}\u00bb custom_padding__hover=\u00bb|||\u00bb][et_pb_text admin_label=\u00bbLinks\u00bb _builder_version=\u00bb4.15&#8243; text_font=\u00bbOpen Sans|600|||||||\u00bb text_text_color=\u00bb#ffffff\u00bb text_line_height=\u00bb1.4em\u00bb link_font=\u00bbOpen Sans|600|||||||\u00bb link_text_color=\u00bb#ffffff\u00bb link_line_height=\u00bb2.5em\u00bb header_font=\u00bb||||||||\u00bb header_2_font=\u00bb||||||||\u00bb header_3_font=\u00bb||||||||\u00bb header_6_font=\u00bbOswald|500||on|||||\u00bb header_6_text_color=\u00bbrgba(255,255,255,0.4)\u00bb header_6_letter_spacing=\u00bb2px\u00bb header_6_line_height=\u00bb1.7em\u00bb background_layout=\u00bbdark\u00bb module_alignment=\u00bbcenter\u00bb custom_margin=\u00bb|||\u00bb custom_margin_tablet=\u00bb0px|||\u00bb custom_margin_phone=\u00bb|||\u00bb custom_margin_last_edited=\u00bboff|desktop\u00bb text_line_height_last_edited=\u00bboff|desktop\u00bb global_colors_info=\u00bb{}\u00bb]<\/p>\n<h6>Direcci\u00f3n<\/h6>\n<p>Lota 2267, Of. 208<\/p>\n<p>Providencia, Santiago<\/p>\n<p>Chile[\/et_pb_text][\/et_pb_column][et_pb_column type=\u00bb1_3&#8243; _builder_version=\u00bb4.15&#8243; custom_padding=\u00bb|||\u00bb global_colors_info=\u00bb{}\u00bb custom_padding__hover=\u00bb|||\u00bb][et_pb_text admin_label=\u00bbLinks\u00bb _builder_version=\u00bb4.15&#8243; text_font=\u00bbOpen Sans|600|||||||\u00bb text_text_color=\u00bb#ffffff\u00bb text_line_height=\u00bb1.4em\u00bb link_font=\u00bbOpen Sans|600|||||||\u00bb link_text_color=\u00bb#ffffff\u00bb link_line_height=\u00bb2.5em\u00bb header_font=\u00bb||||||||\u00bb header_2_font=\u00bb||||||||\u00bb header_3_font=\u00bb||||||||\u00bb header_6_font=\u00bbOswald|500||on|||||\u00bb header_6_text_color=\u00bbrgba(255,255,255,0.4)\u00bb header_6_letter_spacing=\u00bb2px\u00bb header_6_line_height=\u00bb1.7em\u00bb background_layout=\u00bbdark\u00bb module_alignment=\u00bbcenter\u00bb custom_margin=\u00bb|||\u00bb custom_margin_tablet=\u00bb0px|||\u00bb custom_margin_phone=\u00bb|||\u00bb custom_margin_last_edited=\u00bboff|desktop\u00bb text_line_height_last_edited=\u00bboff|desktop\u00bb global_colors_info=\u00bb{}\u00bb]<\/p>\n<h6>Contacto<\/h6>\n<p>+56 9 7708 4551<\/p>\n<p>contacto@anro.cl[\/et_pb_text][\/et_pb_column][\/et_pb_row][\/et_pb_section]<\/p>\n","protected":false},"excerpt":{"rendered":"<p>VISCO\u00a0 SOLUCIONES viscoel\u00e1stico OFT\u00c1LMICAS \u2013 NANOVISC Para el uso con la cirug\u00eda del segmento anterior oft\u00e1lmica ofrecemos los siguientes: \u00a0Naluron 1.6 Soluci\u00f3n viscoel\u00e1stica isot\u00f3nica basado en HPMC con siguiente composici\u00f3n: 1,8% de hidroxipropilmetilcelulosa en soluci\u00f3n fisiol\u00f3gica tamponada, pH 7,2 \u00b1 0,3. Naluron 1.8 Soluci\u00f3n isot\u00f3nica viscoel\u00e1stico basado en sodiumhyaluronate con siguiente composici\u00f3n: 1,8% sodiumhyaluronate en [&hellip;]<\/p>\n","protected":false},"author":1,"featured_media":0,"parent":0,"menu_order":0,"comment_status":"closed","ping_status":"closed","template":"","meta":{"_et_pb_use_builder":"on","_et_pb_old_content":"","_et_gb_content_width":"","footnotes":""},"class_list":["post-563","page","type-page","status-publish","hentry"],"_links":{"self":[{"href":"https:\/\/anro.cl\/sitio\/wp-json\/wp\/v2\/pages\/563","targetHints":{"allow":["GET"]}}],"collection":[{"href":"https:\/\/anro.cl\/sitio\/wp-json\/wp\/v2\/pages"}],"about":[{"href":"https:\/\/anro.cl\/sitio\/wp-json\/wp\/v2\/types\/page"}],"author":[{"embeddable":true,"href":"https:\/\/anro.cl\/sitio\/wp-json\/wp\/v2\/users\/1"}],"replies":[{"embeddable":true,"href":"https:\/\/anro.cl\/sitio\/wp-json\/wp\/v2\/comments?post=563"}],"version-history":[{"count":23,"href":"https:\/\/anro.cl\/sitio\/wp-json\/wp\/v2\/pages\/563\/revisions"}],"predecessor-version":[{"id":893,"href":"https:\/\/anro.cl\/sitio\/wp-json\/wp\/v2\/pages\/563\/revisions\/893"}],"wp:attachment":[{"href":"https:\/\/anro.cl\/sitio\/wp-json\/wp\/v2\/media?parent=563"}],"curies":[{"name":"wp","href":"https:\/\/api.w.org\/{rel}","templated":true}]}}